{"id":41,"date":"2021-02-01T17:45:42","date_gmt":"2021-02-01T17:45:42","guid":{"rendered":"http:\/\/www.ipalecek.cz\/?page_id=41"},"modified":"2021-02-04T08:02:13","modified_gmt":"2021-02-04T08:02:13","slug":"uprava-auta","status":"publish","type":"page","link":"https:\/\/www.ipalecek.cz\/index.php\/uprava-auta\/","title":{"rendered":"\u00daprava auta"},"content":{"rendered":"<div class=\"entry-content\">\n<h1>\u00daprava auta<\/h1>\n<div>\n<p>Automobil lze upravit prodlou\u017een\u00edm ped\u00e1l\u016f. Ide\u00e1ln\u00ed je automatick\u00e1 p\u0159evodovka. \u00dapravu automobil\u016f prov\u00e1d\u00ed n\u011bkolik firem na \u00fazem\u00ed \u010cR.<\/p>\n<p>M\u00e1me velmi dobrou zku\u0161enost s firmou pana Hurta \u2013&nbsp;<a title=\"Josef Hurt - ru\u010dn\u00ed ovl\u00e1d\u00e1n\u00ed\" href=\"http:\/\/www.rucniovladani.cz\/\" target=\"_blank\" rel=\"noopener\">firma Josef Hurt<\/a><\/p>\n<p><a title=\"Virtov\u00e1 automobil\" href=\"http:\/\/www.rucniovladani.cz\/upravy-pedalu\" target=\"_blank\" rel=\"noopener\">Automobil Iry Virtov\u00e9<\/a>&nbsp;\u2013 Volkswagen Polo 1,4 automat<\/p>\n<p>&nbsp;<\/p>\n<\/div>\n<\/div>\n<p><!-- .entry-content --><\/p>\n","protected":false},"excerpt":{"rendered":"<p>\u00daprava auta Automobil lze upravit prodlou\u017een\u00edm ped\u00e1l\u016f. Ide\u00e1ln\u00ed je automatick\u00e1 p\u0159evodovka. \u00dapravu automobil\u016f prov\u00e1d\u00ed n\u011bkolik firem na \u00fazem\u00ed \u010cR. M\u00e1me velmi dobrou zku\u0161enost s firmou pana Hurta \u2013&nbsp;firma Josef Hurt Automobil Iry Virtov\u00e9&nbsp;\u2013 Volkswagen Polo 1,4 automat &nbsp;<\/p>\n","protected":false},"author":1,"featured_media":0,"parent":0,"menu_order":35,"comment_status":"closed","ping_status":"closed","template":"","meta":{"ngg_post_thumbnail":0},"_links":{"self":[{"href":"https:\/\/www.ipalecek.cz\/index.php\/wp-json\/wp\/v2\/pages\/41"}],"collection":[{"href":"https:\/\/www.ipalecek.cz\/index.php\/wp-json\/wp\/v2\/pages"}],"about":[{"href":"https:\/\/www.ipalecek.cz\/index.php\/wp-json\/wp\/v2\/types\/page"}],"author":[{"embeddable":true,"href":"https:\/\/www.ipalecek.cz\/index.php\/wp-json\/wp\/v2\/users\/1"}],"replies":[{"embeddable":true,"href":"https:\/\/www.ipalecek.cz\/index.php\/wp-json\/wp\/v2\/comments?post=41"}],"version-history":[{"count":2,"href":"https:\/\/www.ipalecek.cz\/index.php\/wp-json\/wp\/v2\/pages\/41\/revisions"}],"predecessor-version":[{"id":69,"href":"https:\/\/www.ipalecek.cz\/index.php\/wp-json\/wp\/v2\/pages\/41\/revisions\/69"}],"wp:attachment":[{"href":"https:\/\/www.ipalecek.cz\/index.php\/wp-json\/wp\/v2\/media?parent=41"}],"curies":[{"name":"wp","href":"https:\/\/api.w.org\/{rel}","templated":true}]}}