{"id":33,"date":"2021-02-01T17:43:46","date_gmt":"2021-02-01T17:43:46","guid":{"rendered":"http:\/\/www.ipalecek.cz\/?page_id=33"},"modified":"2021-02-04T08:08:07","modified_gmt":"2021-02-04T08:08:07","slug":"bydleni","status":"publish","type":"page","link":"https:\/\/www.ipalecek.cz\/index.php\/bydleni\/","title":{"rendered":"Bydlen\u00ed"},"content":{"rendered":"<p>P\u0159\u00edjemn\u00e9 bydlen\u00ed lze vytvo\u0159it i na men\u0161\u00ed terase<\/p>\n\n\n<figure class=\"wp-block-image size-full is-resized\"><img loading=\"lazy\" src=\"https:\/\/www.ipalecek.cz\/wp-content\/uploads\/2021\/02\/terasa.jpg\" alt=\"\" class=\"wp-image-70\" width=\"512\" height=\"342\" srcset=\"https:\/\/www.ipalecek.cz\/wp-content\/uploads\/2021\/02\/terasa.jpg 1024w, https:\/\/www.ipalecek.cz\/wp-content\/uploads\/2021\/02\/terasa-300x200.jpg 300w, https:\/\/www.ipalecek.cz\/wp-content\/uploads\/2021\/02\/terasa-768x512.jpg 768w\" sizes=\"(max-width: 512px) 100vw, 512px\" \/><\/figure>\n","protected":false},"excerpt":{"rendered":"<p>P\u0159\u00edjemn\u00e9 bydlen\u00ed lze vytvo\u0159it i na men\u0161\u00ed terase<\/p>\n","protected":false},"author":1,"featured_media":0,"parent":0,"menu_order":15,"comment_status":"closed","ping_status":"closed","template":"","meta":{"ngg_post_thumbnail":0},"_links":{"self":[{"href":"https:\/\/www.ipalecek.cz\/index.php\/wp-json\/wp\/v2\/pages\/33"}],"collection":[{"href":"https:\/\/www.ipalecek.cz\/index.php\/wp-json\/wp\/v2\/pages"}],"about":[{"href":"https:\/\/www.ipalecek.cz\/index.php\/wp-json\/wp\/v2\/types\/page"}],"author":[{"embeddable":true,"href":"https:\/\/www.ipalecek.cz\/index.php\/wp-json\/wp\/v2\/users\/1"}],"replies":[{"embeddable":true,"href":"https:\/\/www.ipalecek.cz\/index.php\/wp-json\/wp\/v2\/comments?post=33"}],"version-history":[{"count":7,"href":"https:\/\/www.ipalecek.cz\/index.php\/wp-json\/wp\/v2\/pages\/33\/revisions"}],"predecessor-version":[{"id":76,"href":"https:\/\/www.ipalecek.cz\/index.php\/wp-json\/wp\/v2\/pages\/33\/revisions\/76"}],"wp:attachment":[{"href":"https:\/\/www.ipalecek.cz\/index.php\/wp-json\/wp\/v2\/media?parent=33"}],"curies":[{"name":"wp","href":"https:\/\/api.w.org\/{rel}","templated":true}]}}